{"id":1770,"date":"2022-04-17T17:53:51","date_gmt":"2022-04-17T15:53:51","guid":{"rendered":"http:\/\/www.cilentotaste.it\/cilentotaste\/?post_type=product&#038;p=1770"},"modified":"2022-04-17T18:10:39","modified_gmt":"2022-04-17T16:10:39","slug":"scopri-lemozione-della-mungitura-nel-cilento-antico","status":"publish","type":"product","link":"https:\/\/www.cilentotaste.it\/cilentotaste\/prodotto\/scopri-lemozione-della-mungitura-nel-cilento-antico\/","title":{"rendered":"&#8220;Scopri l&#8217;emozione della mungitura nel Cilento Antico&#8221;"},"content":{"rendered":"<p>Esperienza di mungitura delle mucche nel cuore del Parco Nazionale del Cilento, Vallo di Diano e Alburni, circondati da una distesa di verde sconfinata. Siamo a Pruno, frazione di Valle dell&#8217; Angelo a novanta chilometri da Salerno, tra boschi di castagni, faggi e ontani, dove sole sei famiglie vivono ancora secondo le antiche tradizioni della civilt\u00e0 contadina, come in un villaggio di fine Ottocento. Lontani dalle abitudini e dai ritmi del mondo d&#8217;oggi. Uno stile di vita che ricorda quello degli Amish americani. Si tratta per lo pi\u00f9 di coppie di anziani. Ogni loro attivit\u00e0 \u00e8 legata ai cicli della natura e delle stagioni. Le giornate, dedicate al lavoro nei campi e al pascolo, cominciano con il sorgere del sole e finiscono al tramonto. Fra gli abitanti sono molto forti la solidariet\u00e0 e il senso di comunit\u00e0: si aiutano l&#8217; uno con l&#8217; altro e la sera d&#8217; inverno si riuniscono in una casa, d&#8217; estate in un&#8217; aia, per cantare vecchie melodie cilentane al suono delle fisarmoniche e degli organetti. Gente semplice che non perde mai occasione di dimostrare ospitalit\u00e0 mettendo a proprio agio i visitatori. Quass\u00f9 il denaro \u00e8 superfluo, i negozi non esistono, alimenti e vestiti sono scambiati con il baratto, all&#8217; insegna di una completa fiducia reciproca. L&#8217; acqua viene prelevata direttamente dalle sorgenti. La dieta \u00e8 quella mediterranea. &#8211; descrizione<\/p>\n<p>&nbsp;<\/p>\n","protected":false},"excerpt":{"rendered":"<p>Durata &#8211; 4 ore<\/p>\n<p>Pranzo<br \/>\nAntipasto, primo, secondo, contorno, dolce e bevande presso Azienda Agricola Faliano<\/p>\n<p>Consigliate scarpe da campagna<\/p>\n","protected":false},"featured_media":1784,"comment_status":"open","ping_status":"closed","template":"","meta":[],"yoast_head":"<!-- This site is optimized with the Yoast SEO plugin v22.3 - https:\/\/yoast.com\/wordpress\/plugins\/seo\/ -->\n<title>&quot;Scopri l&#039;emozione della mungitura nel Cilento Antico&quot; - Cilento Taste<\/title>\n<meta name=\"robots\" content=\"index, follow, max-snippet:-1, max-image-preview:large, max-video-preview:-1\" \/>\n<link rel=\"canonical\" href=\"https:\/\/www.cilentotaste.it\/cilentotaste\/prodotto\/scopri-lemozione-della-mungitura-nel-cilento-antico\/\" \/>\n<meta property=\"og:locale\" content=\"it_IT\" \/>\n<meta property=\"og:type\" content=\"article\" \/>\n<meta property=\"og:title\" content=\"&quot;Scopri l&#039;emozione della mungitura nel Cilento Antico&quot; - Cilento Taste\" \/>\n<meta property=\"og:description\" content=\"Durata - 4 ore  Pranzo Antipasto, primo, secondo, contorno, dolce e bevande presso Azienda Agricola Faliano  Consigliate scarpe da campagna\" \/>\n<meta property=\"og:url\" content=\"https:\/\/www.cilentotaste.it\/cilentotaste\/prodotto\/scopri-lemozione-della-mungitura-nel-cilento-antico\/\" \/>\n<meta property=\"og:site_name\" content=\"Cilento Taste\" \/>\n<meta property=\"article:modified_time\" content=\"2022-04-17T16:10:39+00:00\" \/>\n<meta property=\"og:image\" content=\"https:\/\/www.cilentotaste.it\/cilentotaste\/wp-content\/uploads\/2022\/04\/img14.jpg\" \/>\n\t<meta property=\"og:image:width\" content=\"1080\" \/>\n\t<meta property=\"og:image:height\" content=\"576\" \/>\n\t<meta property=\"og:image:type\" content=\"image\/jpeg\" \/>\n<meta name=\"twitter:card\" content=\"summary_large_image\" \/>\n<meta name=\"twitter:label1\" content=\"Tempo di lettura stimato\" \/>\n\t<meta name=\"twitter:data1\" content=\"1 minuto\" \/>\n<script type=\"application\/ld+json\" class=\"yoast-schema-graph\">{\"@context\":\"https:\/\/schema.org\",\"@graph\":[{\"@type\":\"WebPage\",\"@id\":\"https:\/\/www.cilentotaste.it\/cilentotaste\/prodotto\/scopri-lemozione-della-mungitura-nel-cilento-antico\/\",\"url\":\"https:\/\/www.cilentotaste.it\/cilentotaste\/prodotto\/scopri-lemozione-della-mungitura-nel-cilento-antico\/\",\"name\":\"\\\"Scopri l'emozione della mungitura nel Cilento Antico\\\" - Cilento Taste\",\"isPartOf\":{\"@id\":\"https:\/\/www.cilentotaste.it\/cilentotaste\/#website\"},\"primaryImageOfPage\":{\"@id\":\"https:\/\/www.cilentotaste.it\/cilentotaste\/prodotto\/scopri-lemozione-della-mungitura-nel-cilento-antico\/#primaryimage\"},\"image\":{\"@id\":\"https:\/\/www.cilentotaste.it\/cilentotaste\/prodotto\/scopri-lemozione-della-mungitura-nel-cilento-antico\/#primaryimage\"},\"thumbnailUrl\":\"https:\/\/www.cilentotaste.it\/cilentotaste\/wp-content\/uploads\/2022\/04\/img14.jpg\",\"datePublished\":\"2022-04-17T15:53:51+00:00\",\"dateModified\":\"2022-04-17T16:10:39+00:00\",\"breadcrumb\":{\"@id\":\"https:\/\/www.cilentotaste.it\/cilentotaste\/prodotto\/scopri-lemozione-della-mungitura-nel-cilento-antico\/#breadcrumb\"},\"inLanguage\":\"it-IT\",\"potentialAction\":[{\"@type\":\"ReadAction\",\"target\":[\"https:\/\/www.cilentotaste.it\/cilentotaste\/prodotto\/scopri-lemozione-della-mungitura-nel-cilento-antico\/\"]}]},{\"@type\":\"ImageObject\",\"inLanguage\":\"it-IT\",\"@id\":\"https:\/\/www.cilentotaste.it\/cilentotaste\/prodotto\/scopri-lemozione-della-mungitura-nel-cilento-antico\/#primaryimage\",\"url\":\"https:\/\/www.cilentotaste.it\/cilentotaste\/wp-content\/uploads\/2022\/04\/img14.jpg\",\"contentUrl\":\"https:\/\/www.cilentotaste.it\/cilentotaste\/wp-content\/uploads\/2022\/04\/img14.jpg\",\"width\":1080,\"height\":576},{\"@type\":\"BreadcrumbList\",\"@id\":\"https:\/\/www.cilentotaste.it\/cilentotaste\/prodotto\/scopri-lemozione-della-mungitura-nel-cilento-antico\/#breadcrumb\",\"itemListElement\":[{\"@type\":\"ListItem\",\"position\":1,\"name\":\"Home\",\"item\":\"https:\/\/www.cilentotaste.it\/cilentotaste\/\"},{\"@type\":\"ListItem\",\"position\":2,\"name\":\"Shop\",\"item\":\"https:\/\/www.cilentotaste.it\/cilentotaste\/negozio\/\"},{\"@type\":\"ListItem\",\"position\":3,\"name\":\"&#8220;Scopri l&#8217;emozione della mungitura nel Cilento Antico&#8221;\"}]},{\"@type\":\"WebSite\",\"@id\":\"https:\/\/www.cilentotaste.it\/cilentotaste\/#website\",\"url\":\"https:\/\/www.cilentotaste.it\/cilentotaste\/\",\"name\":\"Cilento Taste\",\"description\":\"Scopri le bellezze e i gusti del cilento\",\"potentialAction\":[{\"@type\":\"SearchAction\",\"target\":{\"@type\":\"EntryPoint\",\"urlTemplate\":\"https:\/\/www.cilentotaste.it\/cilentotaste\/?s={search_term_string}\"},\"query-input\":\"required name=search_term_string\"}],\"inLanguage\":\"it-IT\"}]}<\/script>\n<!-- \/ Yoast SEO plugin. -->","yoast_head_json":{"title":"\"Scopri l'emozione della mungitura nel Cilento Antico\" - Cilento Taste","robots":{"index":"index","follow":"follow","max-snippet":"max-snippet:-1","max-image-preview":"max-image-preview:large","max-video-preview":"max-video-preview:-1"},"canonical":"https:\/\/www.cilentotaste.it\/cilentotaste\/prodotto\/scopri-lemozione-della-mungitura-nel-cilento-antico\/","og_locale":"it_IT","og_type":"article","og_title":"\"Scopri l'emozione della mungitura nel Cilento Antico\" - Cilento Taste","og_description":"Durata - 4 ore  Pranzo Antipasto, primo, secondo, contorno, dolce e bevande presso Azienda Agricola Faliano  Consigliate scarpe da campagna","og_url":"https:\/\/www.cilentotaste.it\/cilentotaste\/prodotto\/scopri-lemozione-della-mungitura-nel-cilento-antico\/","og_site_name":"Cilento Taste","article_modified_time":"2022-04-17T16:10:39+00:00","og_image":[{"width":1080,"height":576,"url":"https:\/\/www.cilentotaste.it\/cilentotaste\/wp-content\/uploads\/2022\/04\/img14.jpg","type":"image\/jpeg"}],"twitter_card":"summary_large_image","twitter_misc":{"Tempo di lettura stimato":"1 minuto"},"schema":{"@context":"https:\/\/schema.org","@graph":[{"@type":"WebPage","@id":"https:\/\/www.cilentotaste.it\/cilentotaste\/prodotto\/scopri-lemozione-della-mungitura-nel-cilento-antico\/","url":"https:\/\/www.cilentotaste.it\/cilentotaste\/prodotto\/scopri-lemozione-della-mungitura-nel-cilento-antico\/","name":"\"Scopri l'emozione della mungitura nel Cilento Antico\" - Cilento Taste","isPartOf":{"@id":"https:\/\/www.cilentotaste.it\/cilentotaste\/#website"},"primaryImageOfPage":{"@id":"https:\/\/www.cilentotaste.it\/cilentotaste\/prodotto\/scopri-lemozione-della-mungitura-nel-cilento-antico\/#primaryimage"},"image":{"@id":"https:\/\/www.cilentotaste.it\/cilentotaste\/prodotto\/scopri-lemozione-della-mungitura-nel-cilento-antico\/#primaryimage"},"thumbnailUrl":"https:\/\/www.cilentotaste.it\/cilentotaste\/wp-content\/uploads\/2022\/04\/img14.jpg","datePublished":"2022-04-17T15:53:51+00:00","dateModified":"2022-04-17T16:10:39+00:00","breadcrumb":{"@id":"https:\/\/www.cilentotaste.it\/cilentotaste\/prodotto\/scopri-lemozione-della-mungitura-nel-cilento-antico\/#breadcrumb"},"inLanguage":"it-IT","potentialAction":[{"@type":"ReadAction","target":["https:\/\/www.cilentotaste.it\/cilentotaste\/prodotto\/scopri-lemozione-della-mungitura-nel-cilento-antico\/"]}]},{"@type":"ImageObject","inLanguage":"it-IT","@id":"https:\/\/www.cilentotaste.it\/cilentotaste\/prodotto\/scopri-lemozione-della-mungitura-nel-cilento-antico\/#primaryimage","url":"https:\/\/www.cilentotaste.it\/cilentotaste\/wp-content\/uploads\/2022\/04\/img14.jpg","contentUrl":"https:\/\/www.cilentotaste.it\/cilentotaste\/wp-content\/uploads\/2022\/04\/img14.jpg","width":1080,"height":576},{"@type":"BreadcrumbList","@id":"https:\/\/www.cilentotaste.it\/cilentotaste\/prodotto\/scopri-lemozione-della-mungitura-nel-cilento-antico\/#breadcrumb","itemListElement":[{"@type":"ListItem","position":1,"name":"Home","item":"https:\/\/www.cilentotaste.it\/cilentotaste\/"},{"@type":"ListItem","position":2,"name":"Shop","item":"https:\/\/www.cilentotaste.it\/cilentotaste\/negozio\/"},{"@type":"ListItem","position":3,"name":"&#8220;Scopri l&#8217;emozione della mungitura nel Cilento Antico&#8221;"}]},{"@type":"WebSite","@id":"https:\/\/www.cilentotaste.it\/cilentotaste\/#website","url":"https:\/\/www.cilentotaste.it\/cilentotaste\/","name":"Cilento Taste","description":"Scopri le bellezze e i gusti del cilento","potentialAction":[{"@type":"SearchAction","target":{"@type":"EntryPoint","urlTemplate":"https:\/\/www.cilentotaste.it\/cilentotaste\/?s={search_term_string}"},"query-input":"required name=search_term_string"}],"inLanguage":"it-IT"}]}},"_links":{"self":[{"href":"https:\/\/www.cilentotaste.it\/cilentotaste\/wp-json\/wp\/v2\/product\/1770"}],"collection":[{"href":"https:\/\/www.cilentotaste.it\/cilentotaste\/wp-json\/wp\/v2\/product"}],"about":[{"href":"https:\/\/www.cilentotaste.it\/cilentotaste\/wp-json\/wp\/v2\/types\/product"}],"replies":[{"embeddable":true,"href":"https:\/\/www.cilentotaste.it\/cilentotaste\/wp-json\/wp\/v2\/comments?post=1770"}],"wp:featuredmedia":[{"embeddable":true,"href":"https:\/\/www.cilentotaste.it\/cilentotaste\/wp-json\/wp\/v2\/media\/1784"}],"wp:attachment":[{"href":"https:\/\/www.cilentotaste.it\/cilentotaste\/wp-json\/wp\/v2\/media?parent=1770"}],"curies":[{"name":"wp","href":"https:\/\/api.w.org\/{rel}","templated":true}]}}